{"id":199,"date":"2017-05-29T09:00:54","date_gmt":"2017-05-29T09:00:54","guid":{"rendered":"http:\/\/themes.getmotopress.com\/oceanica\/?page_id=199"},"modified":"2023-04-10T18:53:18","modified_gmt":"2023-04-11T00:53:18","slug":"about","status":"publish","type":"page","link":"https:\/\/hotelpayaya.sv\/es\/about\/","title":{"rendered":"About Hotel Payay\u00e1"},"content":{"rendered":"<div data-elementor-type=\"wp-page\" data-elementor-id=\"199\" class=\"elementor elementor-199\" data-elementor-settings=\"{&quot;ha_cmc_init_switcher&quot;:&quot;no&quot;}\" data-elementor-post-type=\"page\">\n\t\t\t\t\t\t<section class=\"elementor-section elementor-top-section elementor-element elementor-element-0ddd3f1 elementor-section-full_width elementor-section-height-min-height elementor-section-height-default elementor-section-items-middle\" data-id=\"0ddd3f1\" data-element_type=\"section\" data-settings=\"{&quot;background_background&quot;:&quot;classic&quot;,&quot;_ha_eqh_enable&quot;:false}\">\n\t\t\t\t\t\t<div class=\"elementor-container elementor-column-gap-default\">\n\t\t\t\t\t<div class=\"elementor-column elementor-col-100 elementor-top-column elementor-element elementor-element-d267343\" data-id=\"d267343\" data-element_type=\"column\">\n\t\t\t<div class=\"elementor-widget-wrap elementor-element-populated\">\n\t\t\t\t\t\t<div class=\"elementor-element elementor-element-77c9c8e elementor-widget elementor-widget-spacer\" data-id=\"77c9c8e\" data-element_type=\"widget\" data-widget_type=\"spacer.default\">\n\t\t\t\t<div class=\"elementor-widget-container\">\n\t\t\t\t\t\t\t<div class=\"elementor-spacer\">\n\t\t\t<div class=\"elementor-spacer-inner\"><\/div>\n\t\t<\/div>\n\t\t\t\t\t\t<\/div>\n\t\t\t\t<\/div>\n\t\t\t\t\t<\/div>\n\t\t<\/div>\n\t\t\t\t\t<\/div>\n\t\t<\/section>\n\t\t\t\t<section class=\"elementor-section elementor-top-section elementor-element elementor-element-0608fca elementor-section-boxed elementor-section-height-default elementor-section-height-default\" data-id=\"0608fca\" data-element_type=\"section\" data-settings=\"{&quot;_ha_eqh_enable&quot;:false}\">\n\t\t\t\t\t\t<div class=\"elementor-container elementor-column-gap-default\">\n\t\t\t\t\t<div class=\"elementor-column elementor-col-100 elementor-top-column elementor-element elementor-element-3e5f57b\" data-id=\"3e5f57b\" data-element_type=\"column\">\n\t\t\t<div class=\"elementor-widget-wrap elementor-element-populated\">\n\t\t\t\t\t\t<div class=\"elementor-element elementor-element-88415d5 ha-has-bg-overlay elementor-widget elementor-widget-spacer\" data-id=\"88415d5\" data-element_type=\"widget\" data-widget_type=\"spacer.default\">\n\t\t\t\t<div class=\"elementor-widget-container\">\n\t\t\t\t\t\t\t<div class=\"elementor-spacer\">\n\t\t\t<div class=\"elementor-spacer-inner\"><\/div>\n\t\t<\/div>\n\t\t\t\t\t\t<\/div>\n\t\t\t\t<\/div>\n\t\t\t\t\t<\/div>\n\t\t<\/div>\n\t\t\t\t\t<\/div>\n\t\t<\/section>\n\t\t\t\t<section class=\"elementor-section elementor-top-section elementor-element elementor-element-20a3511a elementor-section-boxed elementor-section-height-default elementor-section-height-default\" data-id=\"20a3511a\" data-element_type=\"section\" data-settings=\"{&quot;_ha_eqh_enable&quot;:false}\">\n\t\t\t\t\t\t<div class=\"elementor-container elementor-column-gap-default\">\n\t\t\t\t\t<div class=\"elementor-column elementor-col-50 elementor-top-column elementor-element elementor-element-11615b90\" data-id=\"11615b90\" data-element_type=\"column\">\n\t\t\t<div class=\"elementor-widget-wrap elementor-element-populated\">\n\t\t\t\t\t\t<div class=\"elementor-element elementor-element-1f79e06 elementor-widget elementor-widget-heading\" data-id=\"1f79e06\" data-element_type=\"widget\" data-widget_type=\"heading.default\">\n\t\t\t\t<div class=\"elementor-widget-container\">\n\t\t\t\t\t<h2 class=\"elementor-heading-title elementor-size-default\">Hotel Payay\u00e1 es el Primer Hotel en Candelaria de la Frontera.<\/h2>\t\t\t\t<\/div>\n\t\t\t\t<\/div>\n\t\t\t\t<div class=\"elementor-element elementor-element-6ff63ff8 elementor-widget elementor-widget-text-editor\" data-id=\"6ff63ff8\" data-element_type=\"widget\" data-widget_type=\"text-editor.default\">\n\t\t\t\t<div class=\"elementor-widget-container\">\n\t\t\t\t\t\t\t\t\t<p>Hotel Payay\u00e1 es el hotel m\u00e1s grande y querido de Candelaria. Nuestra misi\u00f3n es enriquecer la vida de las personas brindando momentos inolvidables para toda la vida comenzando con una habitaci\u00f3n con maravillosas vistas y terminando con una gran cantidad de actividades. No solo brindamos servicios para nuestros hu\u00e9spedes, sino que tambi\u00e9n preservamos, protegemos y realzamos la belleza y la cultura de Candelaria.<\/p><p>Nos preocupamos por cada parte de su estad\u00eda: comidas, actividades, solo las mejores habitaciones. Tambi\u00e9n tenemos muchas propuestas para introvertidos y extrovertidos.<br \/><br \/><\/p><p><img fetchpriority=\"high\" decoding=\"async\" class=\"aligncenter wp-image-200 size-large\" src=\"https:\/\/hotelpayaya.sv\/core\/wp-content\/uploads\/2022\/12\/012.jpeg\" alt=\"\" width=\"1024\" height=\"545\" \/><\/p><p><div id='gallery-1' class='gallery galleryid-199 gallery-columns-4 gallery-size-thumbnail'><figure class='gallery-item'>\n\t\t\t<div class='gallery-icon landscape'>\n\t\t\t\t<a href='https:\/\/hotelpayaya.sv\/core\/wp-content\/uploads\/2022\/12\/016.jpeg'><img decoding=\"async\" width=\"150\" height=\"150\" src=\"https:\/\/hotelpayaya.sv\/core\/wp-content\/uploads\/2022\/12\/016-150x150.jpeg\" class=\"attachment-thumbnail size-thumbnail\" alt=\"\" srcset=\"https:\/\/hotelpayaya.sv\/core\/wp-content\/uploads\/2022\/12\/016-150x150.jpeg 150w, https:\/\/hotelpayaya.sv\/core\/wp-content\/uploads\/2022\/12\/016-100x100.jpeg 100w\" sizes=\"(max-width: 150px) 100vw, 150px\" \/><\/a>\n\t\t\t<\/div><\/figure><figure class='gallery-item'>\n\t\t\t<div class='gallery-icon landscape'>\n\t\t\t\t<a href='https:\/\/hotelpayaya.sv\/core\/wp-content\/uploads\/2022\/12\/013.jpeg'><img decoding=\"async\" width=\"150\" height=\"150\" src=\"https:\/\/hotelpayaya.sv\/core\/wp-content\/uploads\/2022\/12\/013-150x150.jpeg\" class=\"attachment-thumbnail size-thumbnail\" alt=\"Hotel Payaya Candelaria de la Frontera, Santa Ana, El Salvador\" srcset=\"https:\/\/hotelpayaya.sv\/core\/wp-content\/uploads\/2022\/12\/013-150x150.jpeg 150w, https:\/\/hotelpayaya.sv\/core\/wp-content\/uploads\/2022\/12\/013-100x100.jpeg 100w\" sizes=\"(max-width: 150px) 100vw, 150px\" \/><\/a>\n\t\t\t<\/div><\/figure><figure class='gallery-item'>\n\t\t\t<div class='gallery-icon landscape'>\n\t\t\t\t<a href='https:\/\/hotelpayaya.sv\/core\/wp-content\/uploads\/2022\/12\/001.jpeg'><img loading=\"lazy\" decoding=\"async\" width=\"150\" height=\"150\" src=\"https:\/\/hotelpayaya.sv\/core\/wp-content\/uploads\/2022\/12\/001-150x150.jpeg\" class=\"attachment-thumbnail size-thumbnail\" alt=\"Hotel Payaya Candelaria de la Frontera, Santa Ana, El Salvador\" srcset=\"https:\/\/hotelpayaya.sv\/core\/wp-content\/uploads\/2022\/12\/001-150x150.jpeg 150w, https:\/\/hotelpayaya.sv\/core\/wp-content\/uploads\/2022\/12\/001-100x100.jpeg 100w\" sizes=\"(max-width: 150px) 100vw, 150px\" \/><\/a>\n\t\t\t<\/div><\/figure><figure class='gallery-item'>\n\t\t\t<div class='gallery-icon landscape'>\n\t\t\t\t<a href='https:\/\/hotelpayaya.sv\/core\/wp-content\/uploads\/2022\/12\/006.jpeg'><img loading=\"lazy\" decoding=\"async\" width=\"150\" height=\"150\" src=\"https:\/\/hotelpayaya.sv\/core\/wp-content\/uploads\/2022\/12\/006-150x150.jpeg\" class=\"attachment-thumbnail size-thumbnail\" alt=\"\" srcset=\"https:\/\/hotelpayaya.sv\/core\/wp-content\/uploads\/2022\/12\/006-150x150.jpeg 150w, https:\/\/hotelpayaya.sv\/core\/wp-content\/uploads\/2022\/12\/006-100x100.jpeg 100w\" sizes=\"(max-width: 150px) 100vw, 150px\" \/><\/a>\n\t\t\t<\/div><\/figure>\n\t\t<\/div>\n<\/p><h2>Hotel Payay\u00e1 es el Lugar Perfecto Para Relajarse<\/h2><p>Ubicado a 4 cuadras de nuestra iglesia en Candelaria y rodeado de monta\u00f1as. El terreno var\u00eda desde una densa selva tropical hasta amplios valles abiertos. Es verdaderamente un para\u00edso para la recreaci\u00f3n al aire libre. Hotel Payay\u00e1 est\u00e1 abierto para muchas actividades, tambi\u00e9n desarrollamos nuevas cada a\u00f1o. Otros servicios tambi\u00e9n est\u00e1n disponibles aqu\u00ed: d\u00e9jese consentir.<\/p><blockquote><p>\"Lo unico que vale la pena comprar, son recuerdos\"<\/p><p><cite>Hanna Tayson<br \/><\/cite><\/p><\/blockquote><p>El Hotel Payay\u00e1 es una de las zonas hist\u00f3ricamente m\u00e1s significativas de Candelaria. Su patrocinio ayuda a mantener el Hotel Payay\u00e1 sostenible para que podamos mantenerlo sin desarrollar y preservado para que las generaciones futuras lo disfruten y exploren.<\/p><h4>Para Reservaciones e Informaci\u00f3n<\/h4><p><iframe style=\"border: 0;\" src=\"https:\/\/www.google.com\/maps\/embed?pb=!1m18!1m12!1m3!1d967.3530431356052!2d-89.6488050073373!3d14.111841363409951!2m3!1f0!2f0!3f0!3m2!1i1024!2i768!4f13.1!3m3!1m2!1s0x8f62f32e8634ce85%3A0x93b469ef776d0b8a!2sHotel%20Payay%C3%A1!5e0!3m2!1sen!2sus!4v1667626315704!5m2!1sen!2sus\" width=\"600\" height=\"450\" allowfullscreen=\"allowfullscreen\"><\/iframe><\/p><p>Reservaciones: <strong> +503 2473-8050<\/strong><\/p><p>Whatsapp:<strong> +503 6309-9710<\/strong><\/p><p><a href=\"mailto:info@hotelpayaya.sv\">info@hotelpayaya.sv<\/a><\/p>\t\t\t\t\t\t\t\t<\/div>\n\t\t\t\t<\/div>\n\t\t\t\t\t<\/div>\n\t\t<\/div>\n\t\t\t\t<div class=\"elementor-column elementor-col-50 elementor-top-column elementor-element elementor-element-d8a1fe3\" data-id=\"d8a1fe3\" data-element_type=\"column\">\n\t\t\t<div class=\"elementor-widget-wrap elementor-element-populated\">\n\t\t\t\t\t\t<div class=\"elementor-element elementor-element-9fa6530 elementor-widget elementor-widget-heading\" data-id=\"9fa6530\" data-element_type=\"widget\" data-widget_type=\"heading.default\">\n\t\t\t\t<div class=\"elementor-widget-container\">\n\t\t\t\t\t<h2 class=\"elementor-heading-title elementor-size-default\">Ver Disponibilidad<\/h2>\t\t\t\t<\/div>\n\t\t\t\t<\/div>\n\t\t\t\t<div class=\"elementor-element elementor-element-626abb9 elementor-widget elementor-widget-text-editor\" data-id=\"626abb9\" data-element_type=\"widget\" data-widget_type=\"text-editor.default\">\n\t\t\t\t<div class=\"elementor-widget-container\">\n\t\t\t\t\t\t\t\t\t<p>\n<div id=\"b24_widget_69da0d8ab4af2\"><span style=\"color:#fff\">Booking widget b24_widget_69da0d8ab4af2<\/span><\/div>\n\n<!-- jquery widget code -->\n<script>\njQuery(document).ready(function() {var b24Attr={widgettype:\"BookingBox\",propid:\"190546\",availableBackgroundColor:\"#000000\",backgroundColor:\"#ffffff\",borderColor:\"#ffffff\",boxShadow:false,buttonBackgroundColor:\"#f47200\",buttonColor:\"#ffffff\",buttonTitle:\"SEARCH\",dateSelection:\"1\",defaultNightsAdvance:\"0\",defaultNumNight:\"1\",formAction:\"https:\/\/beds24.com\/booking.php\",peopleSelection:\"2\",referer:\"payayasv\",widgetLang:\"en\",widgetType:\"BookingBox\",unavailableBackgroundColor:\"#e1f4fb\",};jQuery('#b24_widget_69da0d8ab4af2').bookWidget(b24Attr);});\n<\/script>\n\n<\/p>\t\t\t\t\t\t\t\t<\/div>\n\t\t\t\t<\/div>\n\t\t\t\t\t<\/div>\n\t\t<\/div>\n\t\t\t\t\t<\/div>\n\t\t<\/section>\n\t\t\t\t<\/div>","protected":false},"excerpt":{"rendered":"<p>A place that you will never forget<\/p>","protected":false},"author":1,"featured_media":0,"parent":0,"menu_order":0,"comment_status":"closed","ping_status":"closed","template":"elementor_header_footer","meta":{"footnotes":""},"class_list":["post-199","page","type-page","status-publish","hentry"],"aioseo_notices":[],"_links":{"self":[{"href":"https:\/\/hotelpayaya.sv\/es\/wp-json\/wp\/v2\/pages\/199","targetHints":{"allow":["GET"]}}],"collection":[{"href":"https:\/\/hotelpayaya.sv\/es\/wp-json\/wp\/v2\/pages"}],"about":[{"href":"https:\/\/hotelpayaya.sv\/es\/wp-json\/wp\/v2\/types\/page"}],"author":[{"embeddable":true,"href":"https:\/\/hotelpayaya.sv\/es\/wp-json\/wp\/v2\/users\/1"}],"replies":[{"embeddable":true,"href":"https:\/\/hotelpayaya.sv\/es\/wp-json\/wp\/v2\/comments?post=199"}],"version-history":[{"count":40,"href":"https:\/\/hotelpayaya.sv\/es\/wp-json\/wp\/v2\/pages\/199\/revisions"}],"predecessor-version":[{"id":4478,"href":"https:\/\/hotelpayaya.sv\/es\/wp-json\/wp\/v2\/pages\/199\/revisions\/4478"}],"wp:attachment":[{"href":"https:\/\/hotelpayaya.sv\/es\/wp-json\/wp\/v2\/media?parent=199"}],"curies":[{"name":"wp","href":"https:\/\/api.w.org\/{rel}","templated":true}]}}